{"id":9,"date":"2019-12-01T14:15:38","date_gmt":"2019-12-01T14:15:38","guid":{"rendered":"http:\/\/www.finnishgamejam.com\/2020\/?page_id=9"},"modified":"2020-01-16T23:40:35","modified_gmt":"2020-01-16T20:40:35","slug":"locations","status":"publish","type":"page","link":"http:\/\/www.finnishgamejam.com\/2020\/locations\/","title":{"rendered":"Locations"},"content":{"rendered":"\n<h5 class=\"has-text-align-left wp-block-heading\"><strong>FGJ Helsinki Arcade 5<\/strong><\/h5>\n\n\n\n<p class=\"has-small-font-size\"><strong>Main organizer: <\/strong>Jonne Harja<br><a rel=\"noreferrer noopener\" href=\"https:\/\/globalgamejam.org\/2020\/jam-sites\/fgj-helsinki-arcade-5\" target=\"_blank\"><strong>Global Game Jam Website<\/strong> <\/a><br><strong><a rel=\"noreferrer noopener\" href=\"https:\/\/www.eventbrite.com\/e\/fgj-helsinki-arcade-5-tickets-82475282791\" target=\"_blank\">Registration<\/a><\/strong><br><strong>Contact:<\/strong> tienkou@gmail.com <\/p>\n\n\n\n<h5 class=\"wp-block-heading\">FGJ Kajaani<\/h5>\n\n\n\n<p class=\"has-small-font-size\"><strong>Main organizer: <\/strong>Jaakko Ylim\u00e4ki<br><strong><a href=\"https:\/\/globalgamejam.org\/2020\/jam-sites\/fgj-kajaani\" target=\"_blank\" rel=\"noreferrer noopener\" aria-label=\"Global Game Jam Website (opens in a new tab)\">Global Game Jam Website<\/a><\/strong><a href=\"https:\/\/www.eventbrite.com\/e\/fgj-kajaani-tickets-84451947047\" target=\"_blank\" rel=\"noreferrer noopener\" aria-label=\"Global Game Jam Website  (opens in a new tab)\"> <\/a><br><strong><a href=\"https:\/\/www.eventbrite.com\/e\/fgj-kajaani-tickets-84451947047\" target=\"_blank\" rel=\"noreferrer noopener\" aria-label=\"Registration (opens in a new tab)\">Registration<\/a><\/strong><br><strong>Contact:<\/strong> jaakkoylimaki1@kamk.fi <\/p>\n\n\n\n<h5 class=\"wp-block-heading\">FGJ Helsinki Eficode<\/h5>\n\n\n\n<p class=\"has-small-font-size\"><strong>Main organizer: <\/strong>Mika Aho<br><strong><a rel=\"noreferrer noopener\" aria-label=\"Global Game Jam Website (opens in a new tab)\" href=\"https:\/\/globalgamejam.org\/2020\/jam-sites\/fgj-helsinki-eficode\" target=\"_blank\">Global Game Jam Website<\/a><\/strong><br><em>Private site<\/em><br><strong>Contact:<\/strong>  mika.aho@eficode.com <\/p>\n\n\n\n<h5 class=\"wp-block-heading\">FGJ Kymenlaakso<\/h5>\n\n\n\n<p class=\"has-small-font-size\"><strong>Main organizer: <\/strong>Eero S\u00e4rkiniemi<br><strong><a rel=\"noreferrer noopener\" aria-label=\"Global Game Jam Website (opens in a new tab)\" href=\"https:\/\/globalgamejam.org\/2020\/jam-sites\/fgj-kymenlaakso\" target=\"_blank\">Global Game Jam Website<\/a><\/strong><br><strong><a rel=\"noreferrer noopener\" aria-label=\"Registration (opens in a new tab)\" href=\"https:\/\/www.eventbrite.com\/e\/fgj-kymenlaakso-tickets-84453515739\" target=\"_blank\">Registration<\/a><\/strong><br><strong>Contact:<\/strong> eerosarkiniemi@gmail.com<\/p>\n\n\n\n<h5 class=\"wp-block-heading\">FGJ Oulu Game LAB<\/h5>\n\n\n\n<p class=\"has-small-font-size\"><strong>Main organizer: <\/strong>Timo K\u00e4ht\u00e4v\u00e4<br><strong><a rel=\"noreferrer noopener\" aria-label=\"Global Game Jam Website (opens in a new tab)\" href=\"https:\/\/globalgamejam.org\/2020\/jam-sites\/fgj-oulu-game-lab\" target=\"_blank\">Global Game Jam Website<\/a><\/strong><br><strong><a rel=\"noreferrer noopener\" aria-label=\"Registration (opens in a new tab)\" href=\"https:\/\/www.eventbrite.com\/e\/fgj-oulu-game-lab-tickets-84453858765\" target=\"_blank\">Registration<\/a><\/strong><br><strong>Contact:<\/strong> timo.kahtava@riimugames.com <\/p>\n\n\n\n<h5 class=\"wp-block-heading\">FGJ Helsinki Unity Technologies<\/h5>\n\n\n\n<p class=\"has-small-font-size\"><strong>Main organizer: <\/strong>Miley Hollenberg<br><strong><a rel=\"noreferrer noopener\" aria-label=\"Global Game Jam Website (opens in a new tab)\" href=\"https:\/\/globalgamejam.org\/2020\/jam-sites\/fgj-helsinki-unity-technologies\" target=\"_blank\">Global Game Jam Website<\/a><\/strong><br><strong><a rel=\"noreferrer noopener\" aria-label=\"Registration (opens in a new tab)\" href=\"https:\/\/www.eventbrite.com\/e\/fgj-helsinki-unity-technologies-tickets-84454231881\" target=\"_blank\">Registration<\/a><\/strong><br><strong>Contact:<\/strong> miley.hollenberg@unity3d.com <\/p>\n\n\n\n<h5 class=\"wp-block-heading\">FGJ Turku<\/h5>\n\n\n\n<p class=\"has-small-font-size\"><strong>Main organizer: <\/strong>Natasha Skult<br><strong><a href=\"https:\/\/globalgamejam.org\/2020\/jam-sites\/fgj-turku\" target=\"_blank\" rel=\"noreferrer noopener\" aria-label=\"Global Game Jam Website (opens in a new tab)\">Global Game Jam Website<\/a><\/strong><br><strong><a href=\"https:\/\/www.eventbrite.com\/e\/fgj-turku-tickets-84453664183\" target=\"_blank\" rel=\"noreferrer noopener\" aria-label=\"Registration (opens in a new tab)\">Registration<\/a><\/strong><br><strong>Contact:<\/strong> natasha.skult@gmail.com  <\/p>\n\n\n\n<h5 class=\"wp-block-heading\">FGJ Helsinki Unicorn Pirates<\/h5>\n\n\n\n<p class=\"has-small-font-size\"><strong>Main organizer: <\/strong>Paula Penttinen<br><strong><a rel=\"noreferrer noopener\" aria-label=\"Global Game Jam Website (opens in a new tab)\" href=\"https:\/\/globalgamejam.org\/2020\/jam-sites\/fgj-helsinki-unicorn-pirates-studio\" target=\"_blank\">Global Game Jam Website<\/a><\/strong><br><strong><a rel=\"noreferrer noopener\" aria-label=\"Registration (opens in a new tab)\" href=\"https:\/\/www.eventbrite.com\/e\/fgj-helsinki-unicorn-pirates-tickets-84455746411\" target=\"_blank\">Registration<\/a><\/strong><br><strong>Contact:<\/strong> marketing@unicornpirates.studio    <\/p>\n\n\n\n<h5 class=\"wp-block-heading\"> FGJ Turku ID BBN<\/h5>\n\n\n\n<p class=\"has-small-font-size\"><strong>Main organizer: <\/strong>Antti Sulkakoski<br><strong><a rel=\"noreferrer noopener\" aria-label=\"Global Game Jam Website (opens in a new tab)\" href=\"https:\/\/globalgamejam.org\/2020\/jam-sites\/fgj-turku-id-bbn\" target=\"_blank\">Global Game Jam Website<\/a><\/strong><br><em>Private site<\/em><br><strong>Contact:<\/strong> antti.sulkakoski@idbbn.fi <\/p>\n\n\n\n<h5 class=\"wp-block-heading\"> FGJ Tampere <\/h5>\n\n\n\n<p class=\"has-small-font-size\"><strong>Main organizer: <\/strong>Ville Kankainen<br><strong><a rel=\"noreferrer noopener\" aria-label=\"Global Game Jam Website (opens in a new tab)\" href=\"https:\/\/globalgamejam.org\/2020\/jam-sites\/fgj-tampere\" target=\"_blank\">Global Game Jam Website<\/a><\/strong><br><strong><a rel=\"noreferrer noopener\" aria-label=\"Registration (opens in a new tab)\" href=\"https:\/\/www.eventbrite.com\/e\/fgj-tampere-tickets-84456288031\" target=\"_blank\">Registration<\/a><\/strong><br><strong>Contact:<\/strong> kankainen.ville@gmail.com   <\/p>\n\n\n\n<h5 class=\"wp-block-heading\"> FGJ Lahti<\/h5>\n\n\n\n<p class=\"has-small-font-size\"><strong>Main organizer: <\/strong>Mika Savolainen<br><strong><a rel=\"noreferrer noopener\" href=\"https:\/\/globalgamejam.org\/2020\/jam-sites\/fgj-lahti\" target=\"_blank\">Global Game Jam Website<\/a><\/strong><br><strong><a rel=\"noreferrer noopener\" href=\"https:\/\/www.eventbrite.com\/e\/fgj-lahti-tickets-84456911897\" target=\"_blank\">Registration<\/a><\/strong><br><strong>Contact:<\/strong> savolainen.mika@hotmail.com<\/p>\n\n\n\n<h5 class=\"wp-block-heading\">FGJ Jyv\u00e4skyl\u00e4<\/h5>\n\n\n\n<p class=\"has-small-font-size\"><strong>Main organizer: <\/strong>Tuomas Roininen<br><strong><a href=\"https:\/\/globalgamejam.org\/2020\/jam-sites\/fgj-jyv%C3%A4skyl%C3%A4\" target=\"_blank\" rel=\"noreferrer noopener\" aria-label=\"Global Game Jam Website (opens in a new tab)\">Global Game Jam Website<\/a><\/strong><br><strong><a href=\"https:\/\/www.eventbrite.com\/e\/fgj-jyvaskyla-tickets-84456705279\" target=\"_blank\" rel=\"noreferrer noopener\" aria-label=\"Registration (opens in a new tab)\">Registration<\/a><\/strong><br><strong>Contact:<\/strong> tuomas.roininen@expa.fi <\/p>\n\n\n\n<h5 class=\"wp-block-heading\">FGJ Kuopio<\/h5>\n\n\n\n<p class=\"has-small-font-size\"><strong>Main organizer: <\/strong>Tiina Arpola<br><strong><a rel=\"noreferrer noopener\" aria-label=\"Global Game Jam Website (opens in a new tab)\" href=\"https:\/\/globalgamejam.org\/2020\/jam-sites\/fgj-kuopio\" target=\"_blank\">Global Game Jam Website<\/a><\/strong><br><strong><a rel=\"noreferrer noopener\" aria-label=\"Registration (opens in a new tab)\" href=\"https:\/\/www.eventbrite.com\/e\/fgj-kuopio-tickets-84456767465\" target=\"_blank\">Registration<\/a><\/strong><br><strong>Contact:<\/strong> tiina.arpola@savonia.fi <\/p>\n\n\n\n<h5 class=\"wp-block-heading\">FGJ Helsinki Arabia <\/h5>\n\n\n\n<p class=\"has-small-font-size\"><strong>Main organizer: <\/strong>Heikka Valja<br><strong><a href=\"https:\/\/globalgamejam.org\/2020\/jam-sites\/fgj-arabia\" target=\"_blank\" rel=\"noreferrer noopener\" aria-label=\"Global Game Jam Website (opens in a new tab)\">Global Game Jam Website<\/a><\/strong><br><strong><a href=\"https:\/\/www.eventbrite.com\/e\/fgj-helsinki-arabia-tickets-86019409369\" target=\"_blank\" rel=\"noreferrer noopener\" aria-label=\"Registration (opens in a new tab)\">Registration<\/a><\/strong><br><strong>Contact:<\/strong> heikka.valja@edu.hel.fi <\/p>\n\n\n\n<h5 class=\"wp-block-heading\">FGJ Satakunta <\/h5>\n\n\n\n<p class=\"has-small-font-size\"><strong>Main organizer: <\/strong>Karoliina Aho<br><strong><a rel=\"noreferrer noopener\" aria-label=\"Global Game Jam Website (opens in a new tab)\" href=\"https:\/\/globalgamejam.org\/2020\/jam-sites\/fgj-satakunta\" target=\"_blank\">Global Game Jam Website<\/a><\/strong><br><strong><a rel=\"noreferrer noopener\" aria-label=\"Registration (opens in a new tab)\" href=\"https:\/\/www.eventbrite.com\/e\/fgj-satakunta-tickets-86021371237\" target=\"_blank\">Registration<\/a><\/strong><br><strong>Contact:<\/strong> aho.karoliina.e@gmail.com <\/p>\n\n\n\n<h5 class=\"wp-block-heading\">FGJ Lappeenranta <\/h5>\n\n\n\n<p class=\"has-small-font-size\"><strong>Main organizer: <\/strong>Juho Heiskanen<br><strong><a href=\"https:\/\/globalgamejam.org\/2020\/jam-sites\/fgj-lappeenranta\" target=\"_blank\" rel=\"noreferrer noopener\" aria-label=\"Global Game Jam Website (opens in a new tab)\">Global Game Jam Website<\/a><\/strong><br><strong><a href=\"https:\/\/www.eventbrite.com\/e\/fgj-lappeenranta-tickets-86023746341\" target=\"_blank\" rel=\"noreferrer noopener\" aria-label=\"Registration (opens in a new tab)\">Registration<\/a><\/strong><br><strong>Contact:<\/strong> juho.heiskanen@gmail.com <\/p>\n\n\n\n<h5 class=\"wp-block-heading\">FGJ Vaasa<\/h5>\n\n\n\n<p class=\"has-small-font-size\"><strong>Main organizer: <\/strong>Jussi Loukiainen<br><strong><a href=\"https:\/\/globalgamejam.org\/2020\/jam-sites\/fgj-vaasa-platonic-partnership\" target=\"_blank\" rel=\"noreferrer noopener\" aria-label=\"Global Game Jam Website (opens in a new tab)\">Global Game Jam Website<\/a><\/strong><br><strong><a href=\"https:\/\/www.eventbrite.com\/e\/fgj-vaasa-tickets-86273158339\" target=\"_blank\" rel=\"noreferrer noopener\" aria-label=\"Registration (opens in a new tab)\">Registration<\/a><\/strong><br><strong>Contact:<\/strong> jussi@platonicpartnership.com <\/p>\n\n\n\n<h5 class=\"wp-block-heading\">FGJ Joensuu <\/h5>\n\n\n\n<p class=\"has-small-font-size\"><strong>Main organizer: <\/strong>Lukki Virtanen<br><strong><a href=\"https:\/\/globalgamejam.org\/2020\/jam-sites\/fgj-joensuu\" target=\"_blank\" rel=\"noreferrer noopener\" aria-label=\" (opens in a new tab)\">Global Game Jam Website<\/a><\/strong><br><strong><a rel=\"noreferrer noopener\" aria-label=\"Registration (opens in a new tab)\" href=\"https:\/\/www.eventbrite.com\/e\/fgj-joensuu-tickets-86273222531\" target=\"_blank\">Registration<\/a><\/strong><br><strong>Contact:<\/strong> ristilukki112@gmail.com <\/p>\n\n\n\n<h5 class=\"wp-block-heading\"> FGJ Rovaniemi <\/h5>\n\n\n\n<p class=\"has-small-font-size\"><strong>Main organizer: <\/strong>Mirko Arkimaa<br><strong><a rel=\"noreferrer noopener\" aria-label=\" (opens in a new tab)\" href=\"https:\/\/globalgamejam.org\/2020\/jam-sites\/fgj-rovaniemi\" target=\"_blank\">Global Game Jam Website<\/a><\/strong><br><strong><a rel=\"noreferrer noopener\" aria-label=\"Registration (opens in a new tab)\" href=\"https:\/\/www.eventbrite.com\/e\/fgj-rovaniemi-tickets-89463404451\" target=\"_blank\">Registration<\/a><\/strong><br><strong>Contact:<\/strong> markimaa@ulapland.fi<\/p>\n\n\n\n<h5 class=\"wp-block-heading\"> FGJ Ylivieska <\/h5>\n\n\n\n<p class=\"has-small-font-size\"><strong>Main organizer: <\/strong>Timo Pyrr\u00f6<br><strong><a rel=\"noreferrer noopener\" aria-label=\" (opens in a new tab)\" href=\"https:\/\/globalgamejam.org\/2020\/jam-sites\/fgj-ylivieska\" target=\"_blank\">Global Game Jam Website<\/a><\/strong><br><strong><a rel=\"noreferrer noopener\" aria-label=\" (opens in a new tab)\" href=\"https:\/\/www.eventbrite.com\/e\/fgj-ylivieska-tickets-89501388061\" target=\"_blank\">Registration<\/a><\/strong><br><strong>Contact:<\/strong> pyrro.timo@gmail.com<\/p>\n\n\n\n<h5 class=\"wp-block-heading\"> FGJ Helsinki Analog <\/h5>\n\n\n\n<p class=\"has-small-font-size\"><strong>Main organizer: <\/strong> Georgios Riskas <br><strong><a rel=\"noreferrer noopener\" aria-label=\" (opens in a new tab)\" href=\"https:\/\/globalgamejam.org\/2020\/jam-sites\/fgj-helsinki-analog\" target=\"_blank\">Global Game Jam Website<\/a><\/strong><br><strong><a rel=\"noreferrer noopener\" aria-label=\" (opens in a new tab)\" href=\"https:\/\/www.eventbrite.com\/e\/fgj-helsinki-analog-tickets-89489336013\" target=\"_blank\">Registration<\/a><\/strong><br><strong>Contact:<\/strong> gamejam@playmoregames.com<\/p>\n\n\n\n<h5 class=\"wp-block-heading\"> FGJ Helsinki Kuuasema <\/h5>\n\n\n\n<p class=\"has-small-font-size\"><strong>Main organizer: <\/strong><br><strong><a rel=\"noreferrer noopener\" aria-label=\" (opens in a new tab)\" href=\"https:\/\/globalgamejam.org\/2020\/jam-sites\/fgj-helsinki-kuuasema\" target=\"_blank\">Global Game Jam Website<\/a><\/strong><br> <em>Private site<\/em> <br><strong>Contact:<\/strong> gamejam@kuuasema.com<\/p>\n","protected":false},"excerpt":{"rendered":"<p>FGJ Helsinki Arcade 5 Main organizer: Jonne HarjaGlobal Game Jam Website RegistrationContact: tienkou@gmail.com FGJ Kajaani Main organizer: Jaakko Ylim\u00e4kiGlobal Game Jam Website RegistrationContact: jaakkoylimaki1@kamk.fi FGJ Helsinki Eficode Main organizer: Mika AhoGlobal Game Jam WebsitePrivate siteContact: mika.aho@eficode.com FGJ Kymenlaakso Main organizer: Eero S\u00e4rkiniemiGlobal Game Jam WebsiteRegistrationContact: eerosarkiniemi@gmail.com FGJ Oulu Game LAB Main organizer: Timo K\u00e4ht\u00e4v\u00e4Global Game [&hellip;]<\/p>\n","protected":false},"author":1,"featured_media":0,"parent":0,"menu_order":0,"comment_status":"closed","ping_status":"closed","template":"","meta":{"footnotes":""},"_links":{"self":[{"href":"http:\/\/www.finnishgamejam.com\/2020\/wp-json\/wp\/v2\/pages\/9"}],"collection":[{"href":"http:\/\/www.finnishgamejam.com\/2020\/wp-json\/wp\/v2\/pages"}],"about":[{"href":"http:\/\/www.finnishgamejam.com\/2020\/wp-json\/wp\/v2\/types\/page"}],"author":[{"embeddable":true,"href":"http:\/\/www.finnishgamejam.com\/2020\/wp-json\/wp\/v2\/users\/1"}],"replies":[{"embeddable":true,"href":"http:\/\/www.finnishgamejam.com\/2020\/wp-json\/wp\/v2\/comments?post=9"}],"version-history":[{"count":17,"href":"http:\/\/www.finnishgamejam.com\/2020\/wp-json\/wp\/v2\/pages\/9\/revisions"}],"predecessor-version":[{"id":87,"href":"http:\/\/www.finnishgamejam.com\/2020\/wp-json\/wp\/v2\/pages\/9\/revisions\/87"}],"wp:attachment":[{"href":"http:\/\/www.finnishgamejam.com\/2020\/wp-json\/wp\/v2\/media?parent=9"}],"curies":[{"name":"wp","href":"https:\/\/api.w.org\/{rel}","templated":true}]}}