{"id":192,"date":"2015-08-31T19:09:45","date_gmt":"2015-08-31T19:09:45","guid":{"rendered":"http:\/\/www.quantumgamejam.com\/?page_id=192"},"modified":"2015-08-31T19:14:32","modified_gmt":"2015-08-31T19:14:32","slug":"brazil","status":"publish","type":"page","link":"http:\/\/www.finnishgamejam.com\/quantumjam2015\/participate\/brazil\/","title":{"rendered":"Brazil"},"content":{"rendered":"<p><strong>Jamming location:<\/strong> <a href=\"http:\/\/www.unicamp.br\/unicamp\/?language=en\">UNICAMP<\/a><br \/>\n<strong>Address<\/strong>: University of Campinas, Cidade Universit\u00e1ria &#8220;Zeferino Vaz&#8221;, Bar\u00e3o Geraldo &#8211; Campinas, S\u00e3o Paulo, Brasil, zip code: 13083-970<br \/>\n<strong>Capacity<\/strong>: 30 people<br \/>\n<strong>Participation<\/strong> <strong>fee<\/strong>: free<br \/>\n<strong>Event<\/strong> <strong>language<\/strong>: Portuguese<br \/>\n<strong>Quantum<\/strong> <strong>physicists<\/strong> <strong>at<\/strong> <strong>the<\/strong> <strong>location<\/strong>: Marcos Cesar de Oliveira \/ Marina Vasques<br \/>\n<strong>Provided<\/strong> <strong>technology<\/strong>: None. Jammers must bring their own notebooks.<br \/>\n<strong>Internet<\/strong> <strong>connection<\/strong>: Yes (Wifi)<br \/>\n<strong>Group<\/strong> <strong>forming<\/strong>: TBA<br \/>\n<strong>Sponsored<\/strong> <strong>meals<\/strong>: No<br \/>\n<strong>Local<\/strong> <strong>sponsors<\/strong>: No<br \/>\n<strong>Organizer(s)<\/strong>: Marina Vasques, Marcelo Rigon<br \/>\n<strong>Contact<\/strong> <strong>information<\/strong>: mvasx@ifi.unicamp.br<br \/>\n<strong>More<\/strong> <strong>info<\/strong> <strong>at<\/strong>: <a href=\"http:\/\/igdacampinas.com.br\/site\/games4quantum\/\">http:\/\/igdacampinas.com.br\/site\/games4quantum\/<\/a><br \/>\n<strong>Registration<\/strong> <strong>link<\/strong>: <a href=\"https:\/\/www.eventbrite.com\/e\/quantum-game-jam-campinas-tickets-18233721552\">https:\/\/www.eventbrite.com\/e\/quantum-game-jam-campinas-tickets-18233721552<\/a><\/p>\n","protected":false},"excerpt":{"rendered":"<p>Jamming location: UNICAMP Address: University of Campinas, Cidade Universit\u00e1ria &#8220;Zeferino Vaz&#8221;, Bar\u00e3o Geraldo &#8211; Campinas, S\u00e3o Paulo, Brasil, zip code: 13083-970 Capacity: 30 people Participation fee: free Event language: Portuguese Quantum physicists at the location: Marcos Cesar de Oliveira \/ Marina Vasques Provided technology: None. Jammers must bring their own notebooks. Internet connection: Yes (Wifi) [&hellip;]<\/p>\n","protected":false},"author":3,"featured_media":0,"parent":11,"menu_order":2,"comment_status":"closed","ping_status":"closed","template":"","meta":{"footnotes":""},"_links":{"self":[{"href":"http:\/\/www.finnishgamejam.com\/quantumjam2015\/wp-json\/wp\/v2\/pages\/192"}],"collection":[{"href":"http:\/\/www.finnishgamejam.com\/quantumjam2015\/wp-json\/wp\/v2\/pages"}],"about":[{"href":"http:\/\/www.finnishgamejam.com\/quantumjam2015\/wp-json\/wp\/v2\/types\/page"}],"author":[{"embeddable":true,"href":"http:\/\/www.finnishgamejam.com\/quantumjam2015\/wp-json\/wp\/v2\/users\/3"}],"replies":[{"embeddable":true,"href":"http:\/\/www.finnishgamejam.com\/quantumjam2015\/wp-json\/wp\/v2\/comments?post=192"}],"version-history":[{"count":2,"href":"http:\/\/www.finnishgamejam.com\/quantumjam2015\/wp-json\/wp\/v2\/pages\/192\/revisions"}],"predecessor-version":[{"id":194,"href":"http:\/\/www.finnishgamejam.com\/quantumjam2015\/wp-json\/wp\/v2\/pages\/192\/revisions\/194"}],"up":[{"embeddable":true,"href":"http:\/\/www.finnishgamejam.com\/quantumjam2015\/wp-json\/wp\/v2\/pages\/11"}],"wp:attachment":[{"href":"http:\/\/www.finnishgamejam.com\/quantumjam2015\/wp-json\/wp\/v2\/media?parent=192"}],"curies":[{"name":"wp","href":"https:\/\/api.w.org\/{rel}","templated":true}]}}