{"id":299,"date":"2015-09-20T18:30:04","date_gmt":"2015-09-20T18:30:04","guid":{"rendered":"http:\/\/www.quantumgamejam.com\/?page_id=299"},"modified":"2015-12-05T07:36:44","modified_gmt":"2015-12-05T07:36:44","slug":"through-the-quantum-gate","status":"publish","type":"page","link":"http:\/\/www.finnishgamejam.com\/quantumjam2015\/games\/2015-games\/finland\/through-the-quantum-gate\/","title":{"rendered":"Through the Quantum gate"},"content":{"rendered":"<p>Alice falls trough a rabbit hole consisting of a series of quantum gates. She must solve the basic problem of qubit value change to get back home.<\/p>\n<p>Credits: 3D Animation&amp;Story: Noora Heiskanen, 2D Graphics and Art: Ina Pylkk\u00f6, Programming: Marko K\u00e4rkel\u00e4 &amp; Annika Alhonkankare, 3D&amp;Design:Teemu Kivikangas, Music&amp;Sound: Sampo Savolainen, 2D Graphics: Varpu Rantala, Quantum Physics: Teiko Heinosaari &amp; Elsi Laine<\/p>\n<p><a href=\"http:\/\/www.quantumgamejam.com\/wp-content\/uploads\/2015\/09\/Heureka-Through-the-Quantum-Gate.jpg\"><img decoding=\"async\" loading=\"lazy\" class=\"alignnone size-medium wp-image-389\" src=\"http:\/\/www.quantumgamejam.com\/wp-content\/uploads\/2015\/09\/Heureka-Through-the-Quantum-Gate-300x225.jpg\" alt=\"Heureka---Through-the-Quantum-Gate\" width=\"300\" height=\"225\" srcset=\"http:\/\/www.finnishgamejam.com\/quantumjam2015\/wp-content\/uploads\/2015\/09\/Heureka-Through-the-Quantum-Gate-300x225.jpg 300w, http:\/\/www.finnishgamejam.com\/quantumjam2015\/wp-content\/uploads\/2015\/09\/Heureka-Through-the-Quantum-Gate.jpg 858w\" sizes=\"(max-width: 300px) 100vw, 300px\" \/><\/a><\/p>\n<p><a href=\"http:\/\/www.mediafire.com\/download\/7e56c6ki8ggou1g\">Download all game files<\/a><\/p>\n","protected":false},"excerpt":{"rendered":"<p>Alice falls trough a rabbit hole consisting of a series of quantum gates. She must solve the basic problem of qubit value change to get back home. Credits: 3D Animation&amp;Story: Noora Heiskanen, 2D Graphics and Art: Ina Pylkk\u00f6, Programming: Marko K\u00e4rkel\u00e4 &amp; Annika Alhonkankare, 3D&amp;Design:Teemu Kivikangas, Music&amp;Sound: Sampo Savolainen, 2D Graphics: Varpu Rantala, Quantum Physics: [&hellip;]<\/p>\n","protected":false},"author":3,"featured_media":0,"parent":289,"menu_order":0,"comment_status":"closed","ping_status":"closed","template":"","meta":{"footnotes":""},"_links":{"self":[{"href":"http:\/\/www.finnishgamejam.com\/quantumjam2015\/wp-json\/wp\/v2\/pages\/299"}],"collection":[{"href":"http:\/\/www.finnishgamejam.com\/quantumjam2015\/wp-json\/wp\/v2\/pages"}],"about":[{"href":"http:\/\/www.finnishgamejam.com\/quantumjam2015\/wp-json\/wp\/v2\/types\/page"}],"author":[{"embeddable":true,"href":"http:\/\/www.finnishgamejam.com\/quantumjam2015\/wp-json\/wp\/v2\/users\/3"}],"replies":[{"embeddable":true,"href":"http:\/\/www.finnishgamejam.com\/quantumjam2015\/wp-json\/wp\/v2\/comments?post=299"}],"version-history":[{"count":4,"href":"http:\/\/www.finnishgamejam.com\/quantumjam2015\/wp-json\/wp\/v2\/pages\/299\/revisions"}],"predecessor-version":[{"id":498,"href":"http:\/\/www.finnishgamejam.com\/quantumjam2015\/wp-json\/wp\/v2\/pages\/299\/revisions\/498"}],"up":[{"embeddable":true,"href":"http:\/\/www.finnishgamejam.com\/quantumjam2015\/wp-json\/wp\/v2\/pages\/289"}],"wp:attachment":[{"href":"http:\/\/www.finnishgamejam.com\/quantumjam2015\/wp-json\/wp\/v2\/media?parent=299"}],"curies":[{"name":"wp","href":"https:\/\/api.w.org\/{rel}","templated":true}]}}