{"id":317,"date":"2015-09-20T18:35:28","date_gmt":"2015-09-20T18:35:28","guid":{"rendered":"http:\/\/www.quantumgamejam.com\/?page_id=317"},"modified":"2015-12-05T07:36:38","modified_gmt":"2015-12-05T07:36:38","slug":"schrodinger-hunt","status":"publish","type":"page","link":"http:\/\/www.finnishgamejam.com\/quantumjam2015\/games\/2015-games\/finland\/schrodinger-hunt\/","title":{"rendered":"Schr\u00f6dinger Hunt"},"content":{"rendered":"<p>Schr\u00f6dinger Hunt is a game where a group of physicists have found Schr\u00f6dinger&#8217;s box in outer space. Your goal as player is to guide as many physicists to the box as possible while avoiding scary space vortexes.<\/p>\n<p>Jenni Lehtonen: ingame graphics Aukusti Manninen: programming Ville Kentala: music, sound and menu graphics<\/p>\n<p><a href=\"http:\/\/www.quantumgamejam.com\/wp-content\/uploads\/2015\/09\/Turku-Schrodinger-Hunt.png\"><img decoding=\"async\" loading=\"lazy\" class=\"alignnone size-medium wp-image-397\" src=\"http:\/\/www.quantumgamejam.com\/wp-content\/uploads\/2015\/09\/Turku-Schrodinger-Hunt-300x188.png\" alt=\"Turku - Schrodinger Hunt\" width=\"300\" height=\"188\" srcset=\"http:\/\/www.finnishgamejam.com\/quantumjam2015\/wp-content\/uploads\/2015\/09\/Turku-Schrodinger-Hunt-300x188.png 300w, http:\/\/www.finnishgamejam.com\/quantumjam2015\/wp-content\/uploads\/2015\/09\/Turku-Schrodinger-Hunt-1024x643.png 1024w, http:\/\/www.finnishgamejam.com\/quantumjam2015\/wp-content\/uploads\/2015\/09\/Turku-Schrodinger-Hunt.png 1456w\" sizes=\"(max-width: 300px) 100vw, 300px\" \/><\/a><\/p>\n<p><a href=\"http:\/\/www.mediafire.com\/download\/40kj6j4916j2c4j\">Download all game files<\/a><\/p>\n","protected":false},"excerpt":{"rendered":"<p>Schr\u00f6dinger Hunt is a game where a group of physicists have found Schr\u00f6dinger&#8217;s box in outer space. Your goal as player is to guide as many physicists to the box as possible while avoiding scary space vortexes. Jenni Lehtonen: ingame graphics Aukusti Manninen: programming Ville Kentala: music, sound and menu graphics Download all game files<\/p>\n","protected":false},"author":3,"featured_media":0,"parent":289,"menu_order":0,"comment_status":"closed","ping_status":"closed","template":"","meta":{"footnotes":""},"_links":{"self":[{"href":"http:\/\/www.finnishgamejam.com\/quantumjam2015\/wp-json\/wp\/v2\/pages\/317"}],"collection":[{"href":"http:\/\/www.finnishgamejam.com\/quantumjam2015\/wp-json\/wp\/v2\/pages"}],"about":[{"href":"http:\/\/www.finnishgamejam.com\/quantumjam2015\/wp-json\/wp\/v2\/types\/page"}],"author":[{"embeddable":true,"href":"http:\/\/www.finnishgamejam.com\/quantumjam2015\/wp-json\/wp\/v2\/users\/3"}],"replies":[{"embeddable":true,"href":"http:\/\/www.finnishgamejam.com\/quantumjam2015\/wp-json\/wp\/v2\/comments?post=317"}],"version-history":[{"count":4,"href":"http:\/\/www.finnishgamejam.com\/quantumjam2015\/wp-json\/wp\/v2\/pages\/317\/revisions"}],"predecessor-version":[{"id":432,"href":"http:\/\/www.finnishgamejam.com\/quantumjam2015\/wp-json\/wp\/v2\/pages\/317\/revisions\/432"}],"up":[{"embeddable":true,"href":"http:\/\/www.finnishgamejam.com\/quantumjam2015\/wp-json\/wp\/v2\/pages\/289"}],"wp:attachment":[{"href":"http:\/\/www.finnishgamejam.com\/quantumjam2015\/wp-json\/wp\/v2\/media?parent=317"}],"curies":[{"name":"wp","href":"https:\/\/api.w.org\/{rel}","templated":true}]}}