{"id":33,"date":"2020-02-06T18:46:20","date_gmt":"2020-02-06T18:46:20","guid":{"rendered":"http:\/\/www.finnishgamejam.com\/jamjam2020\/?page_id=33"},"modified":"2022-05-28T00:56:24","modified_gmt":"2022-05-28T00:56:24","slug":"friday-seminar","status":"publish","type":"page","link":"https:\/\/www.finnishgamejam.com\/jamjam2022\/friday-seminar\/","title":{"rendered":"Friday Seminar"},"content":{"rendered":"\n<p>We will host a short seminar day on friday from 18-20 ending on a dj gig.<\/p>\n\n\n\n<p class=\"is-workshop-image\"><img decoding=\"async\" loading=\"lazy\" width=\"256\" height=\"256\" class=\"wp-image-196\" style=\"width: 150px;\" src=\"https:\/\/www.finnishgamejam.com\/jamjam2022\/wp-content\/uploads\/2022\/05\/igda_fgj_natasha_skult.png\" alt=\"Natasha Skult\" srcset=\"https:\/\/www.finnishgamejam.com\/jamjam2022\/wp-content\/uploads\/2022\/05\/igda_fgj_natasha_skult.png 256w, https:\/\/www.finnishgamejam.com\/jamjam2022\/wp-content\/uploads\/2022\/05\/igda_fgj_natasha_skult-150x150.png 150w, https:\/\/www.finnishgamejam.com\/jamjam2022\/wp-content\/uploads\/2022\/05\/igda_fgj_natasha_skult-100x100.png 100w\" sizes=\"(max-width: 256px) 100vw, 256px\" \/><\/p>\n\n\n\n<p class=\"workshop-text\">I<strong>GDA &lt;3 FGJ<\/strong><br>In my talk\/workshop I wish to focus on the community building and how to maintain the healthy community as the events\/organizations capacity may grow. IGDA and FGJ have a long history of collaboration and I wish to share the learnings as well as best practices in being a hub\/jam site lead and how to improve and nurture the soft skills through community building.<br><em>by Natasha Skult  <sub><sup><a href=\"https:\/\/twitter.com\/natashaskult\">Twitter<\/a> <a href=\"http:\/\/www.natashaskult.net\/\">Web<\/a><\/sup><\/sub><\/em><\/p>\n\n\n\n<p class=\"is-workshop-image\"><img decoding=\"async\" loading=\"lazy\" width=\"256\" height=\"256\" class=\"wp-image-215\" style=\"width: 150px;\" src=\"https:\/\/www.finnishgamejam.com\/jamjam2022\/wp-content\/uploads\/2022\/05\/pride_jam_julia_rassa.png\" alt=\"Julia R\u00e4ssa\" srcset=\"https:\/\/www.finnishgamejam.com\/jamjam2022\/wp-content\/uploads\/2022\/05\/pride_jam_julia_rassa.png 256w, https:\/\/www.finnishgamejam.com\/jamjam2022\/wp-content\/uploads\/2022\/05\/pride_jam_julia_rassa-150x150.png 150w, https:\/\/www.finnishgamejam.com\/jamjam2022\/wp-content\/uploads\/2022\/05\/pride_jam_julia_rassa-100x100.png 100w\" sizes=\"(max-width: 256px) 100vw, 256px\" \/><\/p>\n\n\n\n<p class=\"workshop-text\"><strong>Pride Game Jam &#8211; Why and How?<\/strong><br>The postmortem of a comedically big brain new event in the midst of the pandemized 2020 &#8212; and how and why it&#8217;s still running annually! Julia talks about the mishaps and success of her ego trip to combine human rights, game development and possibly &#8216;green&#8217; production.<br><em>by Julia R\u00e4ssa<\/em><\/p>\n\n\n\n<p class=\"is-workshop-image\"><img decoding=\"async\" loading=\"lazy\" width=\"256\" height=\"256\" class=\"wp-image-243\" style=\"width: 150px;\" src=\"https:\/\/www.finnishgamejam.com\/jamjam2022\/wp-content\/uploads\/2022\/05\/jambike_jonne_harja.png\" alt=\"Jonne Harja\" srcset=\"https:\/\/www.finnishgamejam.com\/jamjam2022\/wp-content\/uploads\/2022\/05\/jambike_jonne_harja.png 256w, https:\/\/www.finnishgamejam.com\/jamjam2022\/wp-content\/uploads\/2022\/05\/jambike_jonne_harja-150x150.png 150w, https:\/\/www.finnishgamejam.com\/jamjam2022\/wp-content\/uploads\/2022\/05\/jambike_jonne_harja-100x100.png 100w\" sizes=\"(max-width: 256px) 100vw, 256px\" \/><\/p>\n\n\n\n<p class=\"workshop-text\"><strong>JamBike 2022: Making a game while traveling through Finland<\/strong><br>Jonne and Samuli will tell you about the whole project of JamBike 2022. How to cycle through Finland with tandem from game industry hub to game industry hub, code a game, do social media and recover while on it.<br><em>by Jonne Harja &amp; Samuli J\u00e4\u00e4skel\u00e4inen<\/em><\/p>\n\n\n\n<p class=\"is-workshop-image\"><img decoding=\"async\" loading=\"lazy\" width=\"256\" height=\"256\" class=\"wp-image-192\" style=\"width: 150px;\" src=\"https:\/\/www.finnishgamejam.com\/jamjam2022\/wp-content\/uploads\/2022\/05\/256px_jamjam_2022_photo_frame_dice.png\" alt=\"\" srcset=\"https:\/\/www.finnishgamejam.com\/jamjam2022\/wp-content\/uploads\/2022\/05\/256px_jamjam_2022_photo_frame_dice.png 256w, https:\/\/www.finnishgamejam.com\/jamjam2022\/wp-content\/uploads\/2022\/05\/256px_jamjam_2022_photo_frame_dice-150x150.png 150w, https:\/\/www.finnishgamejam.com\/jamjam2022\/wp-content\/uploads\/2022\/05\/256px_jamjam_2022_photo_frame_dice-100x100.png 100w\" sizes=\"(max-width: 256px) 100vw, 256px\" \/><\/p>\n\n\n\n<p class=\"workshop-text\"><strong>Lightning talks<\/strong><br>Have something really important to say that takes just a few minutes? Lightning talks offers a variety of topics to handle in short time.<\/p>\n\n\n\n<p class=\"is-workshop-image\"><img decoding=\"async\" loading=\"lazy\" width=\"256\" height=\"256\" class=\"wp-image-190\" style=\"width: 150px;\" src=\"https:\/\/www.finnishgamejam.com\/jamjam2022\/wp-content\/uploads\/2022\/05\/256px_jamjam_2022_photo_frame_pencil.png\" alt=\"\" srcset=\"https:\/\/www.finnishgamejam.com\/jamjam2022\/wp-content\/uploads\/2022\/05\/256px_jamjam_2022_photo_frame_pencil.png 256w, https:\/\/www.finnishgamejam.com\/jamjam2022\/wp-content\/uploads\/2022\/05\/256px_jamjam_2022_photo_frame_pencil-150x150.png 150w, https:\/\/www.finnishgamejam.com\/jamjam2022\/wp-content\/uploads\/2022\/05\/256px_jamjam_2022_photo_frame_pencil-100x100.png 100w\" sizes=\"(max-width: 256px) 100vw, 256px\" \/><\/p>\n\n\n\n<p class=\"workshop-text\"><strong>Workshop Workshop<\/strong><br>Want to come up with awesome workshop ideas? This the place for you! In workshop workshop you will create some new and awesome workshops for the saturdays workshops. <\/p>\n\n\n\n<p class=\"is-workshop-image\"><img decoding=\"async\" loading=\"lazy\" width=\"256\" height=\"256\" class=\"wp-image-185\" style=\"width: 150px;\" src=\"https:\/\/www.finnishgamejam.com\/jamjam2022\/wp-content\/uploads\/2022\/05\/dj_megatommi.png\" alt=\"Tommi 'DJ Megatommi' Salomaa\" srcset=\"https:\/\/www.finnishgamejam.com\/jamjam2022\/wp-content\/uploads\/2022\/05\/dj_megatommi.png 256w, https:\/\/www.finnishgamejam.com\/jamjam2022\/wp-content\/uploads\/2022\/05\/dj_megatommi-150x150.png 150w, https:\/\/www.finnishgamejam.com\/jamjam2022\/wp-content\/uploads\/2022\/05\/dj_megatommi-100x100.png 100w\" sizes=\"(max-width: 256px) 100vw, 256px\" \/><\/p>\n\n\n\n<p class=\"workshop-text\"><strong>Live music<\/strong><br>Tommi &#8216;DJ Megatommi&#8217; Salomaa will entertain us after the Friday evening talks. Outside of DJing he produces music for games industry and other artists. Check him out in <a href=\"https:\/\/open.spotify.com\/artist\/4Zu0QLKCCz02GjpdBvSSi9?si=VutB4CcdS7CsTAqqTF-y1Q\">Spotify<\/a> and on <a href=\"http:\/\/tommisalomaa.com\/\">tommisalomaa.com<\/a>.<\/p>\n\n\n\n<p><br>Interested in giving a speech? <a href=\"mailto:jamjam-organizers@finnishgamejam.com\" data-type=\"mailto\" data-id=\"mailto:jamjam-organizers@finnishgamejam.com\">Let us know!<\/a><\/p>\n\n\n\n<figure class=\"wp-block-image size-full\"><img decoding=\"async\" loading=\"lazy\" width=\"1024\" height=\"648\" src=\"https:\/\/www.finnishgamejam.com\/jamjam2022\/wp-content\/uploads\/2022\/04\/AnnaPermala_05-1024x648-1.jpg\" alt=\"\" class=\"wp-image-112\" srcset=\"https:\/\/www.finnishgamejam.com\/jamjam2022\/wp-content\/uploads\/2022\/04\/AnnaPermala_05-1024x648-1.jpg 1024w, https:\/\/www.finnishgamejam.com\/jamjam2022\/wp-content\/uploads\/2022\/04\/AnnaPermala_05-1024x648-1-300x190.jpg 300w, https:\/\/www.finnishgamejam.com\/jamjam2022\/wp-content\/uploads\/2022\/04\/AnnaPermala_05-1024x648-1-768x486.jpg 768w\" sizes=\"(max-width: 706px) 89vw, (max-width: 767px) 82vw, 740px\" \/><figcaption>JamJam 2019 presentation<\/figcaption><\/figure>\n","protected":false},"excerpt":{"rendered":"<p>We will host a short seminar day on friday from 18-20 ending on a dj gig. IGDA &lt;3 FGJIn my talk\/workshop I wish to focus on the community building and how to maintain the healthy community as the events\/organizations capacity may grow. IGDA and FGJ have a long history of collaboration and I wish to &hellip; <\/p>\n<p class=\"link-more\"><a href=\"https:\/\/www.finnishgamejam.com\/jamjam2022\/friday-seminar\/\" class=\"more-link\">Continue reading<span class=\"screen-reader-text\"> &#8220;Friday Seminar&#8221;<\/span><\/a><\/p>\n","protected":false},"author":2,"featured_media":0,"parent":0,"menu_order":0,"comment_status":"closed","ping_status":"closed","template":"","meta":{"footnotes":""},"_links":{"self":[{"href":"https:\/\/www.finnishgamejam.com\/jamjam2022\/wp-json\/wp\/v2\/pages\/33"}],"collection":[{"href":"https:\/\/www.finnishgamejam.com\/jamjam2022\/wp-json\/wp\/v2\/pages"}],"about":[{"href":"https:\/\/www.finnishgamejam.com\/jamjam2022\/wp-json\/wp\/v2\/types\/page"}],"author":[{"embeddable":true,"href":"https:\/\/www.finnishgamejam.com\/jamjam2022\/wp-json\/wp\/v2\/users\/2"}],"replies":[{"embeddable":true,"href":"https:\/\/www.finnishgamejam.com\/jamjam2022\/wp-json\/wp\/v2\/comments?post=33"}],"version-history":[{"count":19,"href":"https:\/\/www.finnishgamejam.com\/jamjam2022\/wp-json\/wp\/v2\/pages\/33\/revisions"}],"predecessor-version":[{"id":247,"href":"https:\/\/www.finnishgamejam.com\/jamjam2022\/wp-json\/wp\/v2\/pages\/33\/revisions\/247"}],"wp:attachment":[{"href":"https:\/\/www.finnishgamejam.com\/jamjam2022\/wp-json\/wp\/v2\/media?parent=33"}],"curies":[{"name":"wp","href":"https:\/\/api.w.org\/{rel}","templated":true}]}}